{"id":4353,"date":"2025-11-08T15:12:42","date_gmt":"2025-11-08T14:12:42","guid":{"rendered":"https:\/\/timotheepaton.com\/?page_id=4353"},"modified":"2026-03-10T09:10:21","modified_gmt":"2026-03-10T08:10:21","slug":"presentation","status":"publish","type":"page","link":"https:\/\/timotheepaton.com\/en\/presentation\/","title":{"rendered":"Pr\u00e9sentation"},"content":{"rendered":"\t\t<div data-elementor-type=\"wp-page\" data-elementor-id=\"4353\" class=\"elementor elementor-4353\">\n\t\t\t\t\t\t<section class=\"elementor-section elementor-top-section elementor-element elementor-element-1e9b91fc elementor-section-boxed elementor-section-height-default elementor-section-height-default\" data-id=\"1e9b91fc\" data-element_type=\"section\">\n\t\t\t\t\t\t<div class=\"elementor-container elementor-column-gap-default\">\n\t\t\t\t\t<div class=\"elementor-column elementor-col-100 elementor-top-column elementor-element elementor-element-2e407c64\" data-id=\"2e407c64\" data-element_type=\"column\">\n\t\t\t<div class=\"elementor-widget-wrap elementor-element-populated\">\n\t\t\t\t\t\t<div class=\"elementor-element elementor-element-21489214 elementor-widget elementor-widget-text-editor\" data-id=\"21489214\" data-element_type=\"widget\" data-widget_type=\"text-editor.default\">\n\t\t\t\t<div class=\"elementor-widget-container\">\n\t\t\t\t\t\t\t\t\t<p class=\"MsoNormal\" align=\"center\" style=\"margin-bottom:6.0pt;text-align:center;\nline-height:normal\"><b><span style=\"font-size:14.0pt;font-family:&quot;Tahoma&quot;,sans-serif;\nmso-fareast-font-family:&quot;Times New Roman&quot;;color:#0B769F;mso-themecolor:accent4;\nmso-themeshade:191;mso-font-kerning:0pt;mso-ligatures:none;mso-fareast-language:\nFR\">LE CERCLE DES PROCLAMATEURS<o:p><\/o:p><\/span><\/b><\/p><p class=\"MsoNormal\" style=\"margin-bottom:6.0pt;line-height:normal\"><span style=\"font-size:14.0pt;font-family:&quot;Tahoma&quot;,sans-serif;mso-fareast-font-family:\n&quot;Times New Roman&quot;;color:black;mso-themecolor:text1;mso-font-kerning:0pt;\nmso-ligatures:none;mso-fareast-language:FR\">Quel est le point commun\nentre&nbsp;:<o:p><\/o:p><\/span><\/p><p class=\"MsoNormal\" style=\"margin-bottom:6.0pt;line-height:normal\"><i><span style=\"font-size:14.0pt;font-family:&quot;Tahoma&quot;,sans-serif;mso-fareast-font-family:\n&quot;Times New Roman&quot;;color:black;mso-themecolor:text1;mso-font-kerning:0pt;\nmso-ligatures:none;mso-fareast-language:FR\">Martin Luther King<\/span><\/i><span style=\"font-size:14.0pt;font-family:&quot;Tahoma&quot;,sans-serif;mso-fareast-font-family:\n&quot;Times New Roman&quot;;color:black;mso-themecolor:text1;mso-font-kerning:0pt;\nmso-ligatures:none;mso-fareast-language:FR\">, Prix Nobel de la Paix<o:p><\/o:p><\/span><\/p><p class=\"MsoNormal\" style=\"margin-bottom:6.0pt;line-height:normal\"><i><span style=\"font-size:14.0pt;font-family:&quot;Tahoma&quot;,sans-serif;mso-fareast-font-family:\n&quot;Times New Roman&quot;;color:black;mso-themecolor:text1;mso-font-kerning:0pt;\nmso-ligatures:none;mso-fareast-language:FR\">Archange Schtenegry<\/span><\/i><span style=\"font-size:14.0pt;font-family:&quot;Tahoma&quot;,sans-serif;mso-fareast-font-family:\n&quot;Times New Roman&quot;;color:black;mso-themecolor:text1;mso-font-kerning:0pt;\nmso-ligatures:none;mso-fareast-language:FR\">, artiste de jazz manouche<o:p><\/o:p><\/span><\/p><p class=\"MsoNormal\" style=\"margin-bottom:6.0pt;line-height:normal\"><i><span style=\"font-size:14.0pt;font-family:&quot;Tahoma&quot;,sans-serif;mso-fareast-font-family:\n&quot;Times New Roman&quot;;color:black;mso-themecolor:text1;mso-font-kerning:0pt;\nmso-ligatures:none;mso-fareast-language:FR\">Arnaud et Delphine Devilliers<\/span><\/i><span style=\"font-size:14.0pt;font-family:&quot;Tahoma&quot;,sans-serif;mso-fareast-font-family:\n&quot;Times New Roman&quot;;color:black;mso-themecolor:text1;mso-font-kerning:0pt;\nmso-ligatures:none;mso-fareast-language:FR\">, parents de 4 enfants&nbsp;?<o:p><\/o:p><\/span><\/p><p class=\"MsoNormal\" style=\"margin-bottom:6.0pt;line-height:normal\"><span style=\"font-size:14.0pt;font-family:&quot;Tahoma&quot;,sans-serif;mso-fareast-font-family:\n&quot;Times New Roman&quot;;color:black;mso-themecolor:text1;mso-font-kerning:0pt;\nmso-ligatures:none;mso-fareast-language:FR\">Tous sont de captivants\nproclamateurs de l\u2019\u00c9vangile&nbsp;!<o:p><\/o:p><\/span><\/p><p class=\"MsoNormal\" style=\"margin-bottom:6.0pt;line-height:normal\"><span style=\"font-size:14.0pt;font-family:&quot;Tahoma&quot;,sans-serif;mso-fareast-font-family:\n&quot;Times New Roman&quot;;color:black;mso-themecolor:text1;mso-font-kerning:0pt;\nmso-ligatures:none;mso-fareast-language:FR\">Vous avez envie de vous lancer dans\nla pr\u00e9dication, mais sans savoir par o\u00f9 commencer&nbsp;?<o:p><\/o:p><\/span><\/p><p class=\"MsoNormal\" style=\"margin-bottom:6.0pt;line-height:normal\"><span style=\"font-size:14.0pt;font-family:&quot;Tahoma&quot;,sans-serif;mso-fareast-font-family:\n&quot;Times New Roman&quot;;color:black;mso-themecolor:text1;mso-font-kerning:0pt;\nmso-ligatures:none;mso-fareast-language:FR\">Vous pr\u00eachez depuis des ann\u00e9es,\nmais vous ressentez le besoin d\u2019un renouveau&nbsp;?<o:p><\/o:p><\/span><\/p><p class=\"MsoNormal\" style=\"margin-bottom:6.0pt;line-height:normal\"><span style=\"font-size:14.0pt;font-family:&quot;Tahoma&quot;,sans-serif;mso-fareast-font-family:\n&quot;Times New Roman&quot;;color:black;mso-themecolor:text1;mso-font-kerning:0pt;\nmso-ligatures:none;mso-fareast-language:FR\">Il vous faut de nouveaux outils\npour atteindre le c\u0153ur de vos auditeurs&nbsp;?<o:p><\/o:p><\/span><\/p><p class=\"MsoNormal\" style=\"margin-bottom:6.0pt;line-height:normal\"><span style=\"font-size:14.0pt;font-family:&quot;Tahoma&quot;,sans-serif;mso-fareast-font-family:\n&quot;Times New Roman&quot;;color:black;mso-themecolor:text1;mso-font-kerning:0pt;\nmso-ligatures:none;mso-fareast-language:FR\">L\u2019\u00e9vang\u00e9liste Timoth\u00e9e Paton vous\npropose de rejoindre <b>Le Cercle des Proclamateurs.<o:p><\/o:p><\/b><\/span><\/p><p class=\"MsoNormal\" style=\"margin-bottom:6.0pt;line-height:normal\"><span style=\"font-size:14.0pt;font-family:&quot;Tahoma&quot;,sans-serif;mso-fareast-font-family:\n&quot;Times New Roman&quot;;color:black;mso-themecolor:text1;mso-font-kerning:0pt;\nmso-ligatures:none;mso-fareast-language:FR\">Timoth\u00e9e a commenc\u00e9 \u00e0 prendre la\nparole en public \u00e0 l\u2019\u00e2ge de 10 ans. Au fil des ann\u00e9es, son minist\u00e8re l\u2019a\nconduit \u00e0 annoncer Christ sur tous les continents. Parall\u00e8lement \u00e0 ses nombreux\nd\u00e9placements en France et \u00e0 l\u2019\u00e9tranger, il aime former et accompagner celles et\nceux que Dieu appelle \u00e0 proclamer Sa Parole.<o:p><\/o:p><\/span><\/p><p class=\"MsoNormal\" style=\"margin-bottom:6.0pt;line-height:normal\"><b><span style=\"font-size:14.0pt;font-family:&quot;Tahoma&quot;,sans-serif;mso-fareast-font-family:\n&quot;Times New Roman&quot;;color:black;mso-themecolor:text1;mso-font-kerning:0pt;\nmso-ligatures:none;mso-fareast-language:FR\">Le Cercle des Proclamateurs<\/span><\/b><span style=\"font-size:14.0pt;font-family:&quot;Tahoma&quot;,sans-serif;mso-fareast-font-family:\n&quot;Times New Roman&quot;;color:black;mso-themecolor:text1;mso-font-kerning:0pt;\nmso-ligatures:none;mso-fareast-language:FR\"> est ouvert \u00e0 tous les chr\u00e9tiens,\nquel que soit leur \u00e2ge. <o:p><\/o:p><\/span><\/p><p class=\"MsoNormal\" style=\"margin-bottom:6.0pt;line-height:normal\"><span style=\"font-size:14.0pt;font-family:&quot;Tahoma&quot;,sans-serif;mso-fareast-font-family:\n&quot;Times New Roman&quot;;color:black;mso-themecolor:text1;mso-font-kerning:0pt;\nmso-ligatures:none;mso-fareast-language:FR\">Le Cercle, c\u2019est&nbsp;:<o:p><\/o:p><\/span><\/p><p class=\"MsoListParagraphCxSpFirst\" style=\"margin-bottom:6.0pt;mso-add-space:\nauto;text-indent:-18.0pt;line-height:normal;mso-list:l0 level1 lfo1\"><!--[if !supportLists]--><span style=\"font-size:14.0pt;font-family:&quot;Times New Roman&quot;,serif;mso-fareast-font-family:\n&quot;Times New Roman&quot;;color:black;mso-themecolor:text1;mso-font-kerning:0pt;\nmso-ligatures:none;mso-fareast-language:FR\">&#8211;<span style=\"font-variant-numeric: normal; font-variant-east-asian: normal; font-variant-alternates: normal; font-size-adjust: none; font-language-override: normal; font-kerning: auto; font-optical-sizing: auto; font-feature-settings: normal; font-variation-settings: normal; font-variant-position: normal; font-variant-emoji: normal; font-stretch: normal; font-size: 7pt; line-height: normal; font-family: &quot;Times New Roman&quot;;\">&nbsp;&nbsp;&nbsp;&nbsp;&nbsp;&nbsp; <\/span><\/span><!--[endif]--><span style=\"font-size:14.0pt;font-family:&quot;Tahoma&quot;,sans-serif;mso-fareast-font-family:\n&quot;Times New Roman&quot;;color:black;mso-themecolor:text1;mso-font-kerning:0pt;\nmso-ligatures:none;mso-fareast-language:FR\">Tous les lundis un mail gratuit\ntir\u00e9 du <i>Manuel des Proclamateurs<\/i>. Chaque chapitre a pour but de mieux\nvous \u00e9quiper. Vous d\u00e9couvrirez comment tenir en \u00e9veil un auditoire et \u00e0\npartager avec clart\u00e9 et passion le plus beau message au monde. Chaque chapitre\nest ensuite publi\u00e9 ici&nbsp;: <\/span><a href=\"https:\/\/timotheepaton.com\/le-manuel\/\"><span style=\"font-size:14.0pt;\nfont-family:&quot;Tahoma&quot;,sans-serif;mso-fareast-font-family:&quot;Times New Roman&quot;;\ncolor:black;mso-themecolor:text1;mso-font-kerning:0pt;mso-ligatures:none;\nmso-fareast-language:FR\">https:\/\/timotheepaton.com\/le-manuel\/<\/span><\/a><span style=\"font-size:14.0pt;font-family:&quot;Tahoma&quot;,sans-serif;mso-fareast-font-family:\n&quot;Times New Roman&quot;;color:black;mso-themecolor:text1;mso-font-kerning:0pt;\nmso-ligatures:none;mso-fareast-language:FR\"><o:p><\/o:p><\/span><\/p><p class=\"MsoListParagraphCxSpMiddle\" style=\"margin-bottom:6.0pt;mso-add-space:\nauto;line-height:normal\"><span style=\"font-size:14.0pt;font-family:&quot;Tahoma&quot;,sans-serif;\nmso-fareast-font-family:&quot;Times New Roman&quot;;color:black;mso-themecolor:text1;\nmso-font-kerning:0pt;mso-ligatures:none;mso-fareast-language:FR\">&nbsp;<\/span><\/p><p class=\"MsoListParagraphCxSpMiddle\" style=\"margin-bottom:6.0pt;mso-add-space:\nauto;text-indent:-18.0pt;line-height:normal;mso-list:l0 level1 lfo1\"><!--[if !supportLists]--><span style=\"font-size:14.0pt;font-family:&quot;Times New Roman&quot;,serif;mso-fareast-font-family:\n&quot;Times New Roman&quot;;color:black;mso-themecolor:text1\">&#8211;<span style=\"font-variant-numeric: normal; font-variant-east-asian: normal; font-variant-alternates: normal; font-size-adjust: none; font-language-override: normal; font-kerning: auto; font-optical-sizing: auto; font-feature-settings: normal; font-variation-settings: normal; font-variant-position: normal; font-variant-emoji: normal; font-stretch: normal; font-size: 7pt; line-height: normal; font-family: &quot;Times New Roman&quot;;\">&nbsp;&nbsp;&nbsp;&nbsp;&nbsp;&nbsp; <\/span><\/span><!--[endif]--><span style=\"font-size:14.0pt;font-family:&quot;Tahoma&quot;,sans-serif;mso-fareast-font-family:\n&quot;Times New Roman&quot;;color:black;mso-themecolor:text1;mso-font-kerning:0pt;\nmso-ligatures:none;mso-fareast-language:FR\">Un coaching individuel pour vous\naider \u00e0 mieux pr\u00e9parer vos prochaines interventions en public. Timoth\u00e9e vous\npropose un accompagnement personnel et adapt\u00e9 \u00e0 votre style.<\/span><span style=\"font-size:14.0pt;font-family:&quot;Tahoma&quot;,sans-serif;color:black;mso-themecolor:\ntext1\"><o:p><\/o:p><\/span><\/p><p class=\"MsoListParagraphCxSpMiddle\"><span style=\"font-size:14.0pt;line-height:\n107%;font-family:&quot;Tahoma&quot;,sans-serif;color:black;mso-themecolor:text1\">&nbsp;<\/span><\/p><p class=\"MsoListParagraphCxSpMiddle\" style=\"margin-bottom:6.0pt;mso-add-space:\nauto;text-indent:-18.0pt;line-height:normal;mso-list:l0 level1 lfo1\"><!--[if !supportLists]--><span style=\"font-size:14.0pt;font-family:&quot;Times New Roman&quot;,serif;mso-fareast-font-family:\n&quot;Times New Roman&quot;;color:black;mso-themecolor:text1\">&#8211;<span style=\"font-variant-numeric: normal; font-variant-east-asian: normal; font-variant-alternates: normal; font-size-adjust: none; font-language-override: normal; font-kerning: auto; font-optical-sizing: auto; font-feature-settings: normal; font-variation-settings: normal; font-variant-position: normal; font-variant-emoji: normal; font-stretch: normal; font-size: 7pt; line-height: normal; font-family: &quot;Times New Roman&quot;;\">&nbsp;&nbsp;&nbsp;&nbsp;&nbsp;&nbsp; <\/span><\/span><!--[endif]--><span style=\"font-size:14.0pt;font-family:&quot;Tahoma&quot;,sans-serif;color:black;mso-themecolor:\ntext1\">Des rencontres en pr\u00e9sentiel tous les deux mois \u00e0 Vichy, sur toute une\njourn\u00e9e de samedi.<o:p><\/o:p><\/span><\/p><p class=\"MsoListParagraphCxSpMiddle\"><span style=\"font-size:14.0pt;line-height:\n107%;font-family:&quot;Tahoma&quot;,sans-serif;color:black;mso-themecolor:text1\">&nbsp;<\/span><\/p><p>\n\n\n\n\n\n\n\n\n\n\n\n\n\n\n\n\n\n\n\n\n\n\n\n\n\n\n\n\n\n\n\n\n\n\n\n\n\n<\/p><p class=\"MsoListParagraphCxSpLast\" style=\"margin-bottom:6.0pt;mso-add-space:\nauto;line-height:normal\"><a href=\"mailto:timothee.paton@gmail.com\"><span style=\"font-size:14.0pt;font-family:&quot;Tahoma&quot;,sans-serif\">timothee.paton@gmail.com<\/span><\/a><span style=\"font-size:14.0pt;font-family:&quot;Tahoma&quot;,sans-serif;color:black;mso-themecolor:\ntext1\"> <o:p><\/o:p><\/span><\/p>\t\t\t\t\t\t\t\t<\/div>\n\t\t\t\t<\/div>\n\t\t\t\t\t<\/div>\n\t\t<\/div>\n\t\t\t\t\t<\/div>\n\t\t<\/section>\n\t\t\t\t<\/div>\n\t\t","protected":false},"excerpt":{"rendered":"<p align=\"center\" style=\"margin-bottom:6.0pt;text-align:center;\nline-height:normal\"><b>LE CERCLE DES PROCLAMATEURS<o:p><\/o:p><\/b><\/p>\n","protected":false},"author":5,"featured_media":0,"parent":0,"menu_order":0,"comment_status":"closed","ping_status":"closed","template":"","meta":{"_acf_changed":false,"footnotes":""},"class_list":["post-4353","page","type-page","status-publish","hentry"],"acf":[],"_links":{"self":[{"href":"https:\/\/timotheepaton.com\/en\/wp-json\/wp\/v2\/pages\/4353","targetHints":{"allow":["GET"]}}],"collection":[{"href":"https:\/\/timotheepaton.com\/en\/wp-json\/wp\/v2\/pages"}],"about":[{"href":"https:\/\/timotheepaton.com\/en\/wp-json\/wp\/v2\/types\/page"}],"author":[{"embeddable":true,"href":"https:\/\/timotheepaton.com\/en\/wp-json\/wp\/v2\/users\/5"}],"replies":[{"embeddable":true,"href":"https:\/\/timotheepaton.com\/en\/wp-json\/wp\/v2\/comments?post=4353"}],"version-history":[{"count":4,"href":"https:\/\/timotheepaton.com\/en\/wp-json\/wp\/v2\/pages\/4353\/revisions"}],"predecessor-version":[{"id":4472,"href":"https:\/\/timotheepaton.com\/en\/wp-json\/wp\/v2\/pages\/4353\/revisions\/4472"}],"wp:attachment":[{"href":"https:\/\/timotheepaton.com\/en\/wp-json\/wp\/v2\/media?parent=4353"}],"curies":[{"name":"wp","href":"https:\/\/api.w.org\/{rel}","templated":true}]}}