{"id":134,"date":"2018-02-01T22:19:42","date_gmt":"2018-02-01T21:19:42","guid":{"rendered":"https:\/\/timotheepaton.com\/?page_id=134"},"modified":"2026-03-10T09:08:46","modified_gmt":"2026-03-10T08:08:46","slug":"le-cercle-des-proclamateurs","status":"publish","type":"page","link":"https:\/\/timotheepaton.com\/en\/le-cercle-des-proclamateurs\/","title":{"rendered":"LE CERCLE DES PROCLAMATEURS"},"content":{"rendered":"\n<p><strong>LE CERCLE DES PROCLAMATEURS<\/strong><\/p>\n\n\n\n<p>Quel est le point commun entre&nbsp;:<\/p>\n\n\n\n<p><em>Martin Luther King<\/em>, Prix Nobel de la Paix<\/p>\n\n\n\n<p><em>Archange Schtenegry<\/em>, artiste de jazz manouche<\/p>\n\n\n\n<p><em>Arnaud et Delphine Devilliers<\/em>, parents de 4 enfants&nbsp;?<\/p>\n\n\n\n<p>Tous sont de captivants proclamateurs de l\u2019\u00c9vangile&nbsp;!<\/p>\n\n\n\n<p>Vous avez envie de vous lancer dans la pr\u00e9dication, mais sans savoir par o\u00f9 commencer&nbsp;?<\/p>\n\n\n\n<p>Vous pr\u00eachez depuis des ann\u00e9es, mais vous ressentez le besoin d\u2019un renouveau&nbsp;?<\/p>\n\n\n\n<p>Il vous faut de nouveaux outils pour atteindre le c\u0153ur de vos auditeurs&nbsp;?<\/p>\n\n\n\n<p>L\u2019\u00e9vang\u00e9liste Timoth\u00e9e Paton vous propose de rejoindre <strong>Le Cercle des Proclamateurs.<\/strong><\/p>\n\n\n\n<p>Timoth\u00e9e a commenc\u00e9 \u00e0 prendre la parole en public \u00e0 l\u2019\u00e2ge de 10 ans. Au fil des ann\u00e9es, son minist\u00e8re l\u2019a conduit \u00e0 annoncer Christ sur tous les continents. Parall\u00e8lement \u00e0 ses nombreux d\u00e9placements en France et \u00e0 l\u2019\u00e9tranger, il aime former et accompagner celles et ceux que Dieu appelle \u00e0 proclamer Sa Parole.<\/p>\n\n\n\n<p><strong>Le Cercle des Proclamateurs<\/strong> est ouvert \u00e0 tous les chr\u00e9tiens, quel que soit leur \u00e2ge.<\/p>\n\n\n\n<p>Le Cercle, c\u2019est&nbsp;:<\/p>\n\n\n\n<ul class=\"wp-block-list\">\n<li>Tous les lundis un mail gratuit tir\u00e9 du <em>Manuel des Proclamateurs<\/em>. Chaque chapitre a pour but de mieux vous \u00e9quiper. Vous d\u00e9couvrirez comment tenir en \u00e9veil un auditoire et \u00e0 partager avec clart\u00e9 et passion le plus beau message au monde. Chaque chapitre est ensuite publi\u00e9 ici\u00a0: <a href=\"https:\/\/timotheepaton.com\/le-manuel\/\">https:\/\/timotheepaton.com\/le-manuel\/<\/a><\/li>\n<\/ul>\n\n\n\n<ul class=\"wp-block-list\">\n<li>Un coaching individuel pour vous aider \u00e0 mieux pr\u00e9parer vos prochaines interventions en public. Timoth\u00e9e vous propose un accompagnement personnel et adapt\u00e9 \u00e0 votre style.<\/li>\n<\/ul>\n\n\n\n<ul class=\"wp-block-list\">\n<li>Des rencontres en pr\u00e9sentiel tous les deux mois \u00e0 Vichy, sur toute une journ\u00e9e de samedi.<\/li>\n<\/ul>\n\n\n\n<p><a href=\"mailto:timothee.paton@gmail.com\">timothee.paton@gmail.com<\/a><\/p>\n","protected":false},"excerpt":{"rendered":"<p><strong>LE CERCLE DES PROCLAMATEURS<\/strong><\/p>\n","protected":false},"author":5,"featured_media":0,"parent":0,"menu_order":0,"comment_status":"closed","ping_status":"closed","template":"full-width.php","meta":{"_acf_changed":false,"footnotes":""},"class_list":["post-134","page","type-page","status-publish","hentry"],"acf":[],"_links":{"self":[{"href":"https:\/\/timotheepaton.com\/en\/wp-json\/wp\/v2\/pages\/134","targetHints":{"allow":["GET"]}}],"collection":[{"href":"https:\/\/timotheepaton.com\/en\/wp-json\/wp\/v2\/pages"}],"about":[{"href":"https:\/\/timotheepaton.com\/en\/wp-json\/wp\/v2\/types\/page"}],"author":[{"embeddable":true,"href":"https:\/\/timotheepaton.com\/en\/wp-json\/wp\/v2\/users\/5"}],"replies":[{"embeddable":true,"href":"https:\/\/timotheepaton.com\/en\/wp-json\/wp\/v2\/comments?post=134"}],"version-history":[{"count":35,"href":"https:\/\/timotheepaton.com\/en\/wp-json\/wp\/v2\/pages\/134\/revisions"}],"predecessor-version":[{"id":4469,"href":"https:\/\/timotheepaton.com\/en\/wp-json\/wp\/v2\/pages\/134\/revisions\/4469"}],"wp:attachment":[{"href":"https:\/\/timotheepaton.com\/en\/wp-json\/wp\/v2\/media?parent=134"}],"curies":[{"name":"wp","href":"https:\/\/api.w.org\/{rel}","templated":true}]}}